{"id":3915,"date":"2024-02-27T17:58:16","date_gmt":"2024-02-27T20:58:16","guid":{"rendered":"https:\/\/mariapaulaclothes.com\/?post_type=product&#038;p=3915"},"modified":"2024-06-18T22:35:44","modified_gmt":"2024-06-19T01:35:44","slug":"remeras-basicas","status":"publish","type":"product","link":"https:\/\/mariapaulaclothes.com\/index.php\/product\/remeras-basicas\/","title":{"rendered":"Remeras basicas"},"content":{"rendered":"<p>Remeras b\u00e1sicas cuello a la base<\/p>\n<p>100% algodon. Largo cl\u00e1sico.<\/p>\n<p>Talle \u00fanico (abarca 36 a 42).<\/p>\n","protected":false},"excerpt":{"rendered":"<p>Remeras b\u00e1sicas cuello a la base 100% algodon. Largo cl\u00e1sico. Talle \u00fanico (abarca 36 a 42).<\/p>\n","protected":false},"featured_media":4042,"template":"","meta":{"site-sidebar-layout":"default","site-content-layout":"default","ast-global-header-display":"","ast-main-header-display":"","ast-hfb-above-header-display":"","ast-hfb-below-header-display":"","ast-hfb-mobile-header-display":"","site-post-title":"","ast-breadcrumbs-content":"","ast-featured-img":"","footer-sml-layout":"","theme-transparent-header-meta":"default","adv-header-id-meta":"","stick-header-meta":"","header-above-stick-meta":"","header-main-stick-meta":"","header-below-stick-meta":"","_themeisle_gutenberg_block_has_review":false},"pwb-brand":[],"product_cat":[102,21],"product_tag":[],"brands":[],"_links":{"self":[{"href":"https:\/\/mariapaulaclothes.com\/index.php\/wp-json\/wp\/v2\/product\/3915"}],"collection":[{"href":"https:\/\/mariapaulaclothes.com\/index.php\/wp-json\/wp\/v2\/product"}],"about":[{"href":"https:\/\/mariapaulaclothes.com\/index.php\/wp-json\/wp\/v2\/types\/product"}],"wp:featuredmedia":[{"embeddable":true,"href":"https:\/\/mariapaulaclothes.com\/index.php\/wp-json\/wp\/v2\/media\/4042"}],"wp:attachment":[{"href":"https:\/\/mariapaulaclothes.com\/index.php\/wp-json\/wp\/v2\/media?parent=3915"}],"wp:term":[{"taxonomy":"pwb-brand","embeddable":true,"href":"https:\/\/mariapaulaclothes.com\/index.php\/wp-json\/wp\/v2\/pwb-brand?post=3915"},{"taxonomy":"product_cat","embeddable":true,"href":"https:\/\/mariapaulaclothes.com\/index.php\/wp-json\/wp\/v2\/product_cat?post=3915"},{"taxonomy":"product_tag","embeddable":true,"href":"https:\/\/mariapaulaclothes.com\/index.php\/wp-json\/wp\/v2\/product_tag?post=3915"}],"curies":[{"name":"wp","href":"https:\/\/api.w.org\/{rel}","templated":true}]}}