{"id":7818,"date":"2025-10-10T16:30:43","date_gmt":"2025-10-10T19:30:43","guid":{"rendered":"https:\/\/mariapaulaclothes.com\/?post_type=product&#038;p=7818"},"modified":"2025-12-22T11:53:15","modified_gmt":"2025-12-22T14:53:15","slug":"body-saten-un-hombro","status":"publish","type":"product","link":"https:\/\/mariapaulaclothes.com\/index.php\/product\/body-saten-un-hombro\/","title":{"rendered":"Body sat\u00e9n un hombro"},"content":{"rendered":"<p>Body de sat\u00e9n , asim\u00e9trico, con cierre lateral, detalle de hebilla dorada. Trae prendidura inferior.<\/p>\n","protected":false},"excerpt":{"rendered":"<p>Body de sat\u00e9n , asim\u00e9trico, con cierre lateral, detalle de hebilla dorada. Trae prendidura inferior.<\/p>\n","protected":false},"featured_media":7819,"template":"","meta":{"site-sidebar-layout":"default","site-content-layout":"default","ast-global-header-display":"","ast-main-header-display":"","ast-hfb-above-header-display":"","ast-hfb-below-header-display":"","ast-hfb-mobile-header-display":"","site-post-title":"","ast-breadcrumbs-content":"","ast-featured-img":"","footer-sml-layout":"","theme-transparent-header-meta":"default","adv-header-id-meta":"","stick-header-meta":"","header-above-stick-meta":"","header-main-stick-meta":"","header-below-stick-meta":"","_themeisle_gutenberg_block_has_review":false},"pwb-brand":[],"product_cat":[102,22],"product_tag":[],"brands":[],"_links":{"self":[{"href":"https:\/\/mariapaulaclothes.com\/index.php\/wp-json\/wp\/v2\/product\/7818"}],"collection":[{"href":"https:\/\/mariapaulaclothes.com\/index.php\/wp-json\/wp\/v2\/product"}],"about":[{"href":"https:\/\/mariapaulaclothes.com\/index.php\/wp-json\/wp\/v2\/types\/product"}],"wp:featuredmedia":[{"embeddable":true,"href":"https:\/\/mariapaulaclothes.com\/index.php\/wp-json\/wp\/v2\/media\/7819"}],"wp:attachment":[{"href":"https:\/\/mariapaulaclothes.com\/index.php\/wp-json\/wp\/v2\/media?parent=7818"}],"wp:term":[{"taxonomy":"pwb-brand","embeddable":true,"href":"https:\/\/mariapaulaclothes.com\/index.php\/wp-json\/wp\/v2\/pwb-brand?post=7818"},{"taxonomy":"product_cat","embeddable":true,"href":"https:\/\/mariapaulaclothes.com\/index.php\/wp-json\/wp\/v2\/product_cat?post=7818"},{"taxonomy":"product_tag","embeddable":true,"href":"https:\/\/mariapaulaclothes.com\/index.php\/wp-json\/wp\/v2\/product_tag?post=7818"}],"curies":[{"name":"wp","href":"https:\/\/api.w.org\/{rel}","templated":true}]}}