{"id":8071,"date":"2025-12-18T20:50:53","date_gmt":"2025-12-18T23:50:53","guid":{"rendered":"https:\/\/mariapaulaclothes.com\/?post_type=product&#038;p=8071"},"modified":"2026-03-02T19:15:55","modified_gmt":"2026-03-02T22:15:55","slug":"falda-semicirculo-organza","status":"publish","type":"product","link":"https:\/\/mariapaulaclothes.com\/index.php\/product\/falda-semicirculo-organza\/","title":{"rendered":"Falda semic\u00edrculo organza"},"content":{"rendered":"<p>Falda con c\u00edrculos, cintura elastizada, abarca de un talle 38 al 44 aproximadamente con forrer\u00eda interna a mitad de pierna<\/p>\n","protected":false},"excerpt":{"rendered":"<p>Falda con c\u00edrculos, cintura elastizada, abarca de un talle 38 al 44 aproximadamente con forrer\u00eda interna a mitad de pierna<\/p>\n","protected":false},"featured_media":8075,"template":"","meta":{"site-sidebar-layout":"default","site-content-layout":"default","ast-global-header-display":"","ast-main-header-display":"","ast-hfb-above-header-display":"","ast-hfb-below-header-display":"","ast-hfb-mobile-header-display":"","site-post-title":"","ast-breadcrumbs-content":"","ast-featured-img":"","footer-sml-layout":"","theme-transparent-header-meta":"default","adv-header-id-meta":"","stick-header-meta":"","header-above-stick-meta":"","header-main-stick-meta":"","header-below-stick-meta":"","_themeisle_gutenberg_block_has_review":false},"pwb-brand":[],"product_cat":[102,24],"product_tag":[],"brands":[],"_links":{"self":[{"href":"https:\/\/mariapaulaclothes.com\/index.php\/wp-json\/wp\/v2\/product\/8071"}],"collection":[{"href":"https:\/\/mariapaulaclothes.com\/index.php\/wp-json\/wp\/v2\/product"}],"about":[{"href":"https:\/\/mariapaulaclothes.com\/index.php\/wp-json\/wp\/v2\/types\/product"}],"wp:featuredmedia":[{"embeddable":true,"href":"https:\/\/mariapaulaclothes.com\/index.php\/wp-json\/wp\/v2\/media\/8075"}],"wp:attachment":[{"href":"https:\/\/mariapaulaclothes.com\/index.php\/wp-json\/wp\/v2\/media?parent=8071"}],"wp:term":[{"taxonomy":"pwb-brand","embeddable":true,"href":"https:\/\/mariapaulaclothes.com\/index.php\/wp-json\/wp\/v2\/pwb-brand?post=8071"},{"taxonomy":"product_cat","embeddable":true,"href":"https:\/\/mariapaulaclothes.com\/index.php\/wp-json\/wp\/v2\/product_cat?post=8071"},{"taxonomy":"product_tag","embeddable":true,"href":"https:\/\/mariapaulaclothes.com\/index.php\/wp-json\/wp\/v2\/product_tag?post=8071"}],"curies":[{"name":"wp","href":"https:\/\/api.w.org\/{rel}","templated":true}]}}