{"id":8163,"date":"2025-12-22T19:42:01","date_gmt":"2025-12-22T22:42:01","guid":{"rendered":"https:\/\/mariapaulaclothes.com\/?post_type=product&#038;p=8163"},"modified":"2026-03-17T01:08:10","modified_gmt":"2026-03-17T04:08:10","slug":"pantalon-sastrero-palazzo-con-cinturon","status":"publish","type":"product","link":"https:\/\/mariapaulaclothes.com\/index.php\/product\/pantalon-sastrero-palazzo-con-cinturon\/","title":{"rendered":"Pantal\u00f3n sastrero palazzo con cintur\u00f3n"},"content":{"rendered":"<p>palazzo de crepe sastrero con cintur\u00f3n desmontable, trae bolsillos a los costados, cierre y botones frontal.<\/p>\n","protected":false},"excerpt":{"rendered":"<p>palazzo de crepe sastrero con cintur\u00f3n desmontable, trae bolsillos a los costados, cierre y botones frontal.<\/p>\n","protected":false},"featured_media":8210,"template":"","meta":{"site-sidebar-layout":"default","site-content-layout":"default","ast-global-header-display":"","ast-main-header-display":"","ast-hfb-above-header-display":"","ast-hfb-below-header-display":"","ast-hfb-mobile-header-display":"","site-post-title":"","ast-breadcrumbs-content":"","ast-featured-img":"","footer-sml-layout":"","theme-transparent-header-meta":"default","adv-header-id-meta":"","stick-header-meta":"","header-above-stick-meta":"","header-main-stick-meta":"","header-below-stick-meta":"","_themeisle_gutenberg_block_has_review":false},"pwb-brand":[],"product_cat":[102,75,23],"product_tag":[],"brands":[],"_links":{"self":[{"href":"https:\/\/mariapaulaclothes.com\/index.php\/wp-json\/wp\/v2\/product\/8163"}],"collection":[{"href":"https:\/\/mariapaulaclothes.com\/index.php\/wp-json\/wp\/v2\/product"}],"about":[{"href":"https:\/\/mariapaulaclothes.com\/index.php\/wp-json\/wp\/v2\/types\/product"}],"wp:featuredmedia":[{"embeddable":true,"href":"https:\/\/mariapaulaclothes.com\/index.php\/wp-json\/wp\/v2\/media\/8210"}],"wp:attachment":[{"href":"https:\/\/mariapaulaclothes.com\/index.php\/wp-json\/wp\/v2\/media?parent=8163"}],"wp:term":[{"taxonomy":"pwb-brand","embeddable":true,"href":"https:\/\/mariapaulaclothes.com\/index.php\/wp-json\/wp\/v2\/pwb-brand?post=8163"},{"taxonomy":"product_cat","embeddable":true,"href":"https:\/\/mariapaulaclothes.com\/index.php\/wp-json\/wp\/v2\/product_cat?post=8163"},{"taxonomy":"product_tag","embeddable":true,"href":"https:\/\/mariapaulaclothes.com\/index.php\/wp-json\/wp\/v2\/product_tag?post=8163"}],"curies":[{"name":"wp","href":"https:\/\/api.w.org\/{rel}","templated":true}]}}