{"id":8191,"date":"2025-12-22T19:54:05","date_gmt":"2025-12-22T22:54:05","guid":{"rendered":"https:\/\/mariapaulaclothes.com\/?post_type=product&#038;p=8191"},"modified":"2025-12-22T19:54:05","modified_gmt":"2025-12-22T22:54:05","slug":"vestido-strapless-corse","status":"publish","type":"product","link":"https:\/\/mariapaulaclothes.com\/index.php\/product\/vestido-strapless-corse\/","title":{"rendered":"Vestido strapless cors\u00e9"},"content":{"rendered":"<p>Vestido crep\u00e9 sastrero strapless tipo cors\u00e9, largo arriba de las rodillas, con forreria interna y tasas incorporadas.<\/p>\n","protected":false},"excerpt":{"rendered":"<p>Vestido crep\u00e9 sastrero strapless tipo cors\u00e9, largo arriba de las rodillas, con forreria interna y tasas incorporadas.<\/p>\n","protected":false},"featured_media":8192,"template":"","meta":{"site-sidebar-layout":"default","site-content-layout":"default","ast-global-header-display":"","ast-main-header-display":"","ast-hfb-above-header-display":"","ast-hfb-below-header-display":"","ast-hfb-mobile-header-display":"","site-post-title":"","ast-breadcrumbs-content":"","ast-featured-img":"","footer-sml-layout":"","theme-transparent-header-meta":"default","adv-header-id-meta":"","stick-header-meta":"","header-above-stick-meta":"","header-main-stick-meta":"","header-below-stick-meta":"","_themeisle_gutenberg_block_has_review":false},"pwb-brand":[],"product_cat":[102,25],"product_tag":[],"brands":[],"_links":{"self":[{"href":"https:\/\/mariapaulaclothes.com\/index.php\/wp-json\/wp\/v2\/product\/8191"}],"collection":[{"href":"https:\/\/mariapaulaclothes.com\/index.php\/wp-json\/wp\/v2\/product"}],"about":[{"href":"https:\/\/mariapaulaclothes.com\/index.php\/wp-json\/wp\/v2\/types\/product"}],"wp:featuredmedia":[{"embeddable":true,"href":"https:\/\/mariapaulaclothes.com\/index.php\/wp-json\/wp\/v2\/media\/8192"}],"wp:attachment":[{"href":"https:\/\/mariapaulaclothes.com\/index.php\/wp-json\/wp\/v2\/media?parent=8191"}],"wp:term":[{"taxonomy":"pwb-brand","embeddable":true,"href":"https:\/\/mariapaulaclothes.com\/index.php\/wp-json\/wp\/v2\/pwb-brand?post=8191"},{"taxonomy":"product_cat","embeddable":true,"href":"https:\/\/mariapaulaclothes.com\/index.php\/wp-json\/wp\/v2\/product_cat?post=8191"},{"taxonomy":"product_tag","embeddable":true,"href":"https:\/\/mariapaulaclothes.com\/index.php\/wp-json\/wp\/v2\/product_tag?post=8191"}],"curies":[{"name":"wp","href":"https:\/\/api.w.org\/{rel}","templated":true}]}}