{"id":8198,"date":"2025-12-22T20:00:33","date_gmt":"2025-12-22T23:00:33","guid":{"rendered":"https:\/\/mariapaulaclothes.com\/?post_type=product&#038;p=8198"},"modified":"2026-02-18T18:26:56","modified_gmt":"2026-02-18T21:26:56","slug":"blusa-satinada-asimetrico-con-lazo","status":"publish","type":"product","link":"https:\/\/mariapaulaclothes.com\/index.php\/product\/blusa-satinada-asimetrico-con-lazo\/","title":{"rendered":"Blusa satinada asim\u00e9trico con lazo"},"content":{"rendered":"<p>Blusa de sat\u00e9n asim\u00e9trica con lazo corbatero, con forreria interna. Calidad premium.<\/p>\n","protected":false},"excerpt":{"rendered":"<p>Blusa de sat\u00e9n asim\u00e9trica con lazo corbatero, con forreria interna. Calidad premium.<\/p>\n","protected":false},"featured_media":8212,"template":"","meta":{"site-sidebar-layout":"default","site-content-layout":"default","ast-global-header-display":"","ast-main-header-display":"","ast-hfb-above-header-display":"","ast-hfb-below-header-display":"","ast-hfb-mobile-header-display":"","site-post-title":"","ast-breadcrumbs-content":"","ast-featured-img":"","footer-sml-layout":"","theme-transparent-header-meta":"default","adv-header-id-meta":"","stick-header-meta":"","header-above-stick-meta":"","header-main-stick-meta":"","header-below-stick-meta":"","_themeisle_gutenberg_block_has_review":false},"pwb-brand":[],"product_cat":[102,89],"product_tag":[],"brands":[],"_links":{"self":[{"href":"https:\/\/mariapaulaclothes.com\/index.php\/wp-json\/wp\/v2\/product\/8198"}],"collection":[{"href":"https:\/\/mariapaulaclothes.com\/index.php\/wp-json\/wp\/v2\/product"}],"about":[{"href":"https:\/\/mariapaulaclothes.com\/index.php\/wp-json\/wp\/v2\/types\/product"}],"wp:featuredmedia":[{"embeddable":true,"href":"https:\/\/mariapaulaclothes.com\/index.php\/wp-json\/wp\/v2\/media\/8212"}],"wp:attachment":[{"href":"https:\/\/mariapaulaclothes.com\/index.php\/wp-json\/wp\/v2\/media?parent=8198"}],"wp:term":[{"taxonomy":"pwb-brand","embeddable":true,"href":"https:\/\/mariapaulaclothes.com\/index.php\/wp-json\/wp\/v2\/pwb-brand?post=8198"},{"taxonomy":"product_cat","embeddable":true,"href":"https:\/\/mariapaulaclothes.com\/index.php\/wp-json\/wp\/v2\/product_cat?post=8198"},{"taxonomy":"product_tag","embeddable":true,"href":"https:\/\/mariapaulaclothes.com\/index.php\/wp-json\/wp\/v2\/product_tag?post=8198"}],"curies":[{"name":"wp","href":"https:\/\/api.w.org\/{rel}","templated":true}]}}