{"id":8254,"date":"2026-03-03T02:20:14","date_gmt":"2026-03-03T05:20:14","guid":{"rendered":"https:\/\/mariapaulaclothes.com\/?post_type=product&#038;p=8254"},"modified":"2026-04-01T12:28:54","modified_gmt":"2026-04-01T15:28:54","slug":"vestido-satinado-con-capa","status":"publish","type":"product","link":"https:\/\/mariapaulaclothes.com\/index.php\/product\/vestido-satinado-con-capa\/","title":{"rendered":"Vestido satinado con capa"},"content":{"rendered":"<p style=\"padding-left: 40px;\">Vestido de sat\u00e9n, corte americano, con prend\u00ed dura trasera en el cuello, detalle de capa en ambos lados, que le aporta movimiento y fluidez , adem\u00e1s se puede usar como chal.<\/p>\n","protected":false},"excerpt":{"rendered":"<p>Vestido de sat\u00e9n, corte americano, con prend\u00ed dura trasera en el cuello, detalle de capa en ambos lados, que le aporta movimiento y fluidez , adem\u00e1s se puede usar como chal.<\/p>\n","protected":false},"featured_media":8255,"template":"","meta":{"site-sidebar-layout":"default","site-content-layout":"default","ast-global-header-display":"","ast-main-header-display":"","ast-hfb-above-header-display":"","ast-hfb-below-header-display":"","ast-hfb-mobile-header-display":"","site-post-title":"","ast-breadcrumbs-content":"","ast-featured-img":"","footer-sml-layout":"","theme-transparent-header-meta":"default","adv-header-id-meta":"","stick-header-meta":"","header-above-stick-meta":"","header-main-stick-meta":"","header-below-stick-meta":"","_themeisle_gutenberg_block_has_review":false},"pwb-brand":[],"product_cat":[102,25],"product_tag":[],"brands":[],"_links":{"self":[{"href":"https:\/\/mariapaulaclothes.com\/index.php\/wp-json\/wp\/v2\/product\/8254"}],"collection":[{"href":"https:\/\/mariapaulaclothes.com\/index.php\/wp-json\/wp\/v2\/product"}],"about":[{"href":"https:\/\/mariapaulaclothes.com\/index.php\/wp-json\/wp\/v2\/types\/product"}],"wp:featuredmedia":[{"embeddable":true,"href":"https:\/\/mariapaulaclothes.com\/index.php\/wp-json\/wp\/v2\/media\/8255"}],"wp:attachment":[{"href":"https:\/\/mariapaulaclothes.com\/index.php\/wp-json\/wp\/v2\/media?parent=8254"}],"wp:term":[{"taxonomy":"pwb-brand","embeddable":true,"href":"https:\/\/mariapaulaclothes.com\/index.php\/wp-json\/wp\/v2\/pwb-brand?post=8254"},{"taxonomy":"product_cat","embeddable":true,"href":"https:\/\/mariapaulaclothes.com\/index.php\/wp-json\/wp\/v2\/product_cat?post=8254"},{"taxonomy":"product_tag","embeddable":true,"href":"https:\/\/mariapaulaclothes.com\/index.php\/wp-json\/wp\/v2\/product_tag?post=8254"}],"curies":[{"name":"wp","href":"https:\/\/api.w.org\/{rel}","templated":true}]}}