{"id":8355,"date":"2026-03-14T02:29:50","date_gmt":"2026-03-14T05:29:50","guid":{"rendered":"https:\/\/mariapaulaclothes.com\/?post_type=product&#038;p=8355"},"modified":"2026-04-06T19:51:41","modified_gmt":"2026-04-06T22:51:41","slug":"jacket-negra-clasica","status":"publish","type":"product","link":"https:\/\/mariapaulaclothes.com\/index.php\/product\/jacket-negra-clasica\/","title":{"rendered":"Jacket negra cl\u00e1sica"},"content":{"rendered":"<p>Jacket s\u00edmil cuero, corte cl\u00e1sico, modelo entallado, calidad premium.<\/p>\n","protected":false},"excerpt":{"rendered":"<p>Jacket s\u00edmil cuero, corte cl\u00e1sico, modelo entallado, calidad premium.<\/p>\n","protected":false},"featured_media":8356,"template":"","meta":{"site-sidebar-layout":"default","site-content-layout":"default","ast-global-header-display":"","ast-main-header-display":"","ast-hfb-above-header-display":"","ast-hfb-below-header-display":"","ast-hfb-mobile-header-display":"","site-post-title":"","ast-breadcrumbs-content":"","ast-featured-img":"","footer-sml-layout":"","theme-transparent-header-meta":"default","adv-header-id-meta":"","stick-header-meta":"","header-above-stick-meta":"","header-main-stick-meta":"","header-below-stick-meta":"","_themeisle_gutenberg_block_has_review":false},"pwb-brand":[],"product_cat":[102,26,27],"product_tag":[],"brands":[],"_links":{"self":[{"href":"https:\/\/mariapaulaclothes.com\/index.php\/wp-json\/wp\/v2\/product\/8355"}],"collection":[{"href":"https:\/\/mariapaulaclothes.com\/index.php\/wp-json\/wp\/v2\/product"}],"about":[{"href":"https:\/\/mariapaulaclothes.com\/index.php\/wp-json\/wp\/v2\/types\/product"}],"wp:featuredmedia":[{"embeddable":true,"href":"https:\/\/mariapaulaclothes.com\/index.php\/wp-json\/wp\/v2\/media\/8356"}],"wp:attachment":[{"href":"https:\/\/mariapaulaclothes.com\/index.php\/wp-json\/wp\/v2\/media?parent=8355"}],"wp:term":[{"taxonomy":"pwb-brand","embeddable":true,"href":"https:\/\/mariapaulaclothes.com\/index.php\/wp-json\/wp\/v2\/pwb-brand?post=8355"},{"taxonomy":"product_cat","embeddable":true,"href":"https:\/\/mariapaulaclothes.com\/index.php\/wp-json\/wp\/v2\/product_cat?post=8355"},{"taxonomy":"product_tag","embeddable":true,"href":"https:\/\/mariapaulaclothes.com\/index.php\/wp-json\/wp\/v2\/product_tag?post=8355"}],"curies":[{"name":"wp","href":"https:\/\/api.w.org\/{rel}","templated":true}]}}