{"id":8468,"date":"2026-03-25T20:43:03","date_gmt":"2026-03-25T23:43:03","guid":{"rendered":"https:\/\/mariapaulaclothes.com\/?post_type=product&#038;p=8468"},"modified":"2026-04-02T18:38:55","modified_gmt":"2026-04-02T21:38:55","slug":"set-sastrero-hebilla","status":"publish","type":"product","link":"https:\/\/mariapaulaclothes.com\/index.php\/product\/set-sastrero-hebilla\/","title":{"rendered":"Set sastrero hebilla dorada"},"content":{"rendered":"<p style=\"padding-left: 40px;\">Set sastrero de dos piezas. Chaleco y pantal\u00f3n palazzo, forreria interna, pantal\u00f3n pinzado corte cl\u00e1sico, bolsillos laterales. Detalle de lazo con hebilla dorada para ajustar a medida.<\/p>\n","protected":false},"excerpt":{"rendered":"<p>Set sastrero de dos piezas. Chaleco y pantal\u00f3n palazzo, forreria interna, pantal\u00f3n pinzado corte cl\u00e1sico, bolsillos laterales. Detalle de lazo con hebilla dorada para ajustar a medida.<\/p>\n","protected":false},"featured_media":8589,"template":"","meta":{"site-sidebar-layout":"default","site-content-layout":"default","ast-global-header-display":"","ast-main-header-display":"","ast-hfb-above-header-display":"","ast-hfb-below-header-display":"","ast-hfb-mobile-header-display":"","site-post-title":"","ast-breadcrumbs-content":"","ast-featured-img":"","footer-sml-layout":"","theme-transparent-header-meta":"default","adv-header-id-meta":"","stick-header-meta":"","header-above-stick-meta":"","header-main-stick-meta":"","header-below-stick-meta":"","_themeisle_gutenberg_block_has_review":false},"pwb-brand":[],"product_cat":[102,29,23],"product_tag":[],"brands":[],"_links":{"self":[{"href":"https:\/\/mariapaulaclothes.com\/index.php\/wp-json\/wp\/v2\/product\/8468"}],"collection":[{"href":"https:\/\/mariapaulaclothes.com\/index.php\/wp-json\/wp\/v2\/product"}],"about":[{"href":"https:\/\/mariapaulaclothes.com\/index.php\/wp-json\/wp\/v2\/types\/product"}],"wp:featuredmedia":[{"embeddable":true,"href":"https:\/\/mariapaulaclothes.com\/index.php\/wp-json\/wp\/v2\/media\/8589"}],"wp:attachment":[{"href":"https:\/\/mariapaulaclothes.com\/index.php\/wp-json\/wp\/v2\/media?parent=8468"}],"wp:term":[{"taxonomy":"pwb-brand","embeddable":true,"href":"https:\/\/mariapaulaclothes.com\/index.php\/wp-json\/wp\/v2\/pwb-brand?post=8468"},{"taxonomy":"product_cat","embeddable":true,"href":"https:\/\/mariapaulaclothes.com\/index.php\/wp-json\/wp\/v2\/product_cat?post=8468"},{"taxonomy":"product_tag","embeddable":true,"href":"https:\/\/mariapaulaclothes.com\/index.php\/wp-json\/wp\/v2\/product_tag?post=8468"}],"curies":[{"name":"wp","href":"https:\/\/api.w.org\/{rel}","templated":true}]}}