{"id":8645,"date":"2026-04-02T20:23:19","date_gmt":"2026-04-02T23:23:19","guid":{"rendered":"https:\/\/mariapaulaclothes.com\/?post_type=product&#038;p=8645"},"modified":"2026-04-07T19:18:01","modified_gmt":"2026-04-07T22:18:01","slug":"jacket-clasica-con-cinto-desmontable","status":"publish","type":"product","link":"https:\/\/mariapaulaclothes.com\/index.php\/product\/jacket-clasica-con-cinto-desmontable\/","title":{"rendered":"Jacket cl\u00e1sica con cinto desmontable"},"content":{"rendered":"<p>Jacket cl\u00e1sica con cinto desmontable, cierre en los pu\u00f1os, forreria interna y bolsillos<\/p>\n","protected":false},"excerpt":{"rendered":"<p>Jacket cl\u00e1sica con cinto desmontable, cierre en los pu\u00f1os, forreria interna y bolsillos<\/p>\n","protected":false},"featured_media":8651,"template":"","meta":{"site-sidebar-layout":"default","site-content-layout":"default","ast-global-header-display":"","ast-main-header-display":"","ast-hfb-above-header-display":"","ast-hfb-below-header-display":"","ast-hfb-mobile-header-display":"","site-post-title":"","ast-breadcrumbs-content":"","ast-featured-img":"","footer-sml-layout":"","theme-transparent-header-meta":"default","adv-header-id-meta":"","stick-header-meta":"","header-above-stick-meta":"","header-main-stick-meta":"","header-below-stick-meta":"","_themeisle_gutenberg_block_has_review":false},"pwb-brand":[],"product_cat":[102,26,27],"product_tag":[],"brands":[],"_links":{"self":[{"href":"https:\/\/mariapaulaclothes.com\/index.php\/wp-json\/wp\/v2\/product\/8645"}],"collection":[{"href":"https:\/\/mariapaulaclothes.com\/index.php\/wp-json\/wp\/v2\/product"}],"about":[{"href":"https:\/\/mariapaulaclothes.com\/index.php\/wp-json\/wp\/v2\/types\/product"}],"wp:featuredmedia":[{"embeddable":true,"href":"https:\/\/mariapaulaclothes.com\/index.php\/wp-json\/wp\/v2\/media\/8651"}],"wp:attachment":[{"href":"https:\/\/mariapaulaclothes.com\/index.php\/wp-json\/wp\/v2\/media?parent=8645"}],"wp:term":[{"taxonomy":"pwb-brand","embeddable":true,"href":"https:\/\/mariapaulaclothes.com\/index.php\/wp-json\/wp\/v2\/pwb-brand?post=8645"},{"taxonomy":"product_cat","embeddable":true,"href":"https:\/\/mariapaulaclothes.com\/index.php\/wp-json\/wp\/v2\/product_cat?post=8645"},{"taxonomy":"product_tag","embeddable":true,"href":"https:\/\/mariapaulaclothes.com\/index.php\/wp-json\/wp\/v2\/product_tag?post=8645"}],"curies":[{"name":"wp","href":"https:\/\/api.w.org\/{rel}","templated":true}]}}