{"id":8652,"date":"2026-04-06T20:21:13","date_gmt":"2026-04-06T23:21:13","guid":{"rendered":"https:\/\/mariapaulaclothes.com\/?post_type=product&#038;p=8652"},"modified":"2026-04-07T20:02:23","modified_gmt":"2026-04-07T23:02:23","slug":"pantalon-print-simil-corderoy","status":"publish","type":"product","link":"https:\/\/mariapaulaclothes.com\/index.php\/product\/pantalon-print-simil-corderoy\/","title":{"rendered":"Pantal\u00f3n print s\u00edmil corderoy"},"content":{"rendered":"<p><strong>Pantal\u00f3n print s\u00edmil corderoy con spandex, corte flare y bolsillos laterales.<\/strong><\/p>\n","protected":false},"excerpt":{"rendered":"<p>Pantal\u00f3n print s\u00edmil corderoy con spandex, corte flare y bolsillos laterales.<\/p>\n","protected":false},"featured_media":8674,"template":"","meta":{"site-sidebar-layout":"default","site-content-layout":"default","ast-global-header-display":"","ast-main-header-display":"","ast-hfb-above-header-display":"","ast-hfb-below-header-display":"","ast-hfb-mobile-header-display":"","site-post-title":"","ast-breadcrumbs-content":"","ast-featured-img":"","footer-sml-layout":"","theme-transparent-header-meta":"default","adv-header-id-meta":"","stick-header-meta":"","header-above-stick-meta":"","header-main-stick-meta":"","header-below-stick-meta":"","_themeisle_gutenberg_block_has_review":false},"pwb-brand":[],"product_cat":[102,75],"product_tag":[],"brands":[],"_links":{"self":[{"href":"https:\/\/mariapaulaclothes.com\/index.php\/wp-json\/wp\/v2\/product\/8652"}],"collection":[{"href":"https:\/\/mariapaulaclothes.com\/index.php\/wp-json\/wp\/v2\/product"}],"about":[{"href":"https:\/\/mariapaulaclothes.com\/index.php\/wp-json\/wp\/v2\/types\/product"}],"wp:featuredmedia":[{"embeddable":true,"href":"https:\/\/mariapaulaclothes.com\/index.php\/wp-json\/wp\/v2\/media\/8674"}],"wp:attachment":[{"href":"https:\/\/mariapaulaclothes.com\/index.php\/wp-json\/wp\/v2\/media?parent=8652"}],"wp:term":[{"taxonomy":"pwb-brand","embeddable":true,"href":"https:\/\/mariapaulaclothes.com\/index.php\/wp-json\/wp\/v2\/pwb-brand?post=8652"},{"taxonomy":"product_cat","embeddable":true,"href":"https:\/\/mariapaulaclothes.com\/index.php\/wp-json\/wp\/v2\/product_cat?post=8652"},{"taxonomy":"product_tag","embeddable":true,"href":"https:\/\/mariapaulaclothes.com\/index.php\/wp-json\/wp\/v2\/product_tag?post=8652"}],"curies":[{"name":"wp","href":"https:\/\/api.w.org\/{rel}","templated":true}]}}