{"id":8692,"date":"2026-04-07T02:10:25","date_gmt":"2026-04-07T05:10:25","guid":{"rendered":"https:\/\/mariapaulaclothes.com\/?post_type=product&#038;p=8692"},"modified":"2026-04-07T02:10:25","modified_gmt":"2026-04-07T05:10:25","slug":"palazzo-jogger-corderoy","status":"publish","type":"product","link":"https:\/\/mariapaulaclothes.com\/index.php\/product\/palazzo-jogger-corderoy\/","title":{"rendered":"Palazzo jogger corderoy"},"content":{"rendered":"<p>Pantal\u00f3n palazzo estilo jogger, con cintura elastizada y cord\u00f3n para regular, detalle de cierre frontal y bolsillos delanteros. Es de s\u00edmil corderoy con spandex.<\/p>\n","protected":false},"excerpt":{"rendered":"<p>Pantal\u00f3n palazzo estilo jogger, con cintura elastizada y cord\u00f3n para regular, detalle de cierre frontal y bolsillos delanteros. Es de s\u00edmil corderoy con spandex.<\/p>\n","protected":false},"featured_media":8693,"template":"","meta":{"site-sidebar-layout":"default","site-content-layout":"default","ast-global-header-display":"","ast-main-header-display":"","ast-hfb-above-header-display":"","ast-hfb-below-header-display":"","ast-hfb-mobile-header-display":"","site-post-title":"","ast-breadcrumbs-content":"","ast-featured-img":"","footer-sml-layout":"","theme-transparent-header-meta":"default","adv-header-id-meta":"","stick-header-meta":"","header-above-stick-meta":"","header-main-stick-meta":"","header-below-stick-meta":"","_themeisle_gutenberg_block_has_review":false},"pwb-brand":[],"product_cat":[102,75],"product_tag":[],"brands":[],"_links":{"self":[{"href":"https:\/\/mariapaulaclothes.com\/index.php\/wp-json\/wp\/v2\/product\/8692"}],"collection":[{"href":"https:\/\/mariapaulaclothes.com\/index.php\/wp-json\/wp\/v2\/product"}],"about":[{"href":"https:\/\/mariapaulaclothes.com\/index.php\/wp-json\/wp\/v2\/types\/product"}],"wp:featuredmedia":[{"embeddable":true,"href":"https:\/\/mariapaulaclothes.com\/index.php\/wp-json\/wp\/v2\/media\/8693"}],"wp:attachment":[{"href":"https:\/\/mariapaulaclothes.com\/index.php\/wp-json\/wp\/v2\/media?parent=8692"}],"wp:term":[{"taxonomy":"pwb-brand","embeddable":true,"href":"https:\/\/mariapaulaclothes.com\/index.php\/wp-json\/wp\/v2\/pwb-brand?post=8692"},{"taxonomy":"product_cat","embeddable":true,"href":"https:\/\/mariapaulaclothes.com\/index.php\/wp-json\/wp\/v2\/product_cat?post=8692"},{"taxonomy":"product_tag","embeddable":true,"href":"https:\/\/mariapaulaclothes.com\/index.php\/wp-json\/wp\/v2\/product_tag?post=8692"}],"curies":[{"name":"wp","href":"https:\/\/api.w.org\/{rel}","templated":true}]}}